{"id":9647,"date":"2022-09-06T14:17:00","date_gmt":"2022-09-06T12:17:00","guid":{"rendered":"https:\/\/brandteurope.com\/productos-agricultura\/brandt-manni-plex-mix\/"},"modified":"2025-11-10T10:18:40","modified_gmt":"2025-11-10T09:18:40","slug":"brandt-manni-plex-mix","status":"publish","type":"product","link":"https:\/\/brandteurope.com\/fr\/produits-agricoles\/brandt-manni-plex-mix\/","title":{"rendered":"BRANDT\u00ae Manni-Plex\u00ae Mix"},"content":{"rendered":"\n<p>BRANDT\u00ae Manni-Plex\u00ae Mix est un <strong>compl\u00e9ment foliaire<\/strong> brevet\u00e9 qui procure du zinc, du mangan\u00e8se, du cuivre et du bore tr\u00e8s mobiles et disponibles aux points de croissance.<\/p>\n\n\n\n<p>L&rsquo;application de BRANDT\u00ae Manni-Plex\u00ae Mix pendant la phase de croissance favorise une teneur ad\u00e9quate en zinc, mangan\u00e8se, cuivre et bore.  <\/p>\n\n\n\n<ul class=\"wp-block-list\">\n<li>Le zinc, le mangan\u00e8se et le cuivre contribuent \u00e0 renforcer le syst\u00e8me immunitaire et les d\u00e9fenses naturelles des plantes. <\/li>\n\n\n\n<li>Le mangan\u00e8se joue un r\u00f4le cl\u00e9 dans la photosynth\u00e8se et la transformation des hydrates de carbone. Lorsque les plantes souffrent d&rsquo;une carence en mangan\u00e8se, la teneur en chlorophylle peut baisser et entra\u00eener une d\u00e9gradation de la structure.<\/li>\n<\/ul>\n","protected":false},"excerpt":{"rendered":"<p>BRANDT\u00ae Manni-Plex\u00ae Mix est un compl\u00e9ment foliaire brevet\u00e9 qui procure du zinc, du mangan\u00e8se, du cuivre et du bore tr\u00e8s mobiles et disponibles aux points de croissance. <\/p>\n","protected":false},"author":6,"featured_media":10684,"template":"","meta":{"footnotes":""},"product_cat":[348],"product_linea":[997],"product_cultivo":[],"product_area":[],"product_tag":[],"class_list":["post-9647","product","type-product","status-publish","has-post-thumbnail","hentry","product_cat-technologie-manni-plex","product_linea-biostimulant-agricole"],"yoast_head":"<!-- This site is optimized with the Yoast SEO plugin v27.3 - https:\/\/yoast.com\/product\/yoast-seo-wordpress\/ -->\n<title>Manni-Plex Mix | Le plus nutritif | BRANDT Europe<\/title>\n<meta name=\"description\" content=\"Le compl\u00e9ment foliaire Manni-Plex Mix vise \u00e0 pr\u00e9venir et \u00e0 corriger les carences en zinc, mangan\u00e8se, cuivre et bore des cultures, ainsi qu&#039;\u00e0 am\u00e9liorer la sant\u00e9 des plantes.\" \/>\n<meta name=\"robots\" content=\"index, follow, max-snippet:-1, max-image-preview:large, max-video-preview:-1\" \/>\n<link rel=\"canonical\" href=\"https:\/\/brandteurope.com\/fr\/produits-agricoles\/brandt-manni-plex-mix\/\" \/>\n<meta property=\"og:locale\" content=\"fr_FR\" \/>\n<meta property=\"og:type\" content=\"article\" \/>\n<meta property=\"og:title\" content=\"Manni-Plex Mix | Le plus nutritif | BRANDT Europe\" \/>\n<meta property=\"og:description\" content=\"Le compl\u00e9ment foliaire Manni-Plex Mix vise \u00e0 pr\u00e9venir et \u00e0 corriger les carences en zinc, mangan\u00e8se, cuivre et bore des cultures, ainsi qu&#039;\u00e0 am\u00e9liorer la sant\u00e9 des plantes.\" \/>\n<meta property=\"og:url\" content=\"https:\/\/brandteurope.com\/fr\/produits-agricoles\/brandt-manni-plex-mix\/\" \/>\n<meta property=\"og:site_name\" content=\"BRANDT Europe\" \/>\n<meta property=\"article:modified_time\" content=\"2025-11-10T09:18:40+00:00\" \/>\n<meta property=\"og:image\" content=\"https:\/\/brandteurope.com\/wp-content\/uploads\/2022\/09\/Manni-Plex-Mix-1.png\" \/>\n\t<meta property=\"og:image:width\" content=\"900\" \/>\n\t<meta property=\"og:image:height\" content=\"1264\" \/>\n\t<meta property=\"og:image:type\" content=\"image\/png\" \/>\n<meta name=\"twitter:card\" content=\"summary_large_image\" \/>\n<meta name=\"twitter:label1\" content=\"Dur\u00e9e de lecture estim\u00e9e\" \/>\n\t<meta name=\"twitter:data1\" content=\"1 minute\" \/>\n<script type=\"application\/ld+json\" class=\"yoast-schema-graph\">{\"@context\":\"https:\\\/\\\/schema.org\",\"@graph\":[{\"@type\":\"WebPage\",\"@id\":\"https:\\\/\\\/brandteurope.com\\\/fr\\\/produits-agricoles\\\/brandt-manni-plex-mix\\\/\",\"url\":\"https:\\\/\\\/brandteurope.com\\\/fr\\\/produits-agricoles\\\/brandt-manni-plex-mix\\\/\",\"name\":\"Manni-Plex Mix | Le plus nutritif | BRANDT Europe\",\"isPartOf\":{\"@id\":\"https:\\\/\\\/brandteurope.com\\\/fr\\\/#website\"},\"primaryImageOfPage\":{\"@id\":\"https:\\\/\\\/brandteurope.com\\\/fr\\\/produits-agricoles\\\/brandt-manni-plex-mix\\\/#primaryimage\"},\"image\":{\"@id\":\"https:\\\/\\\/brandteurope.com\\\/fr\\\/produits-agricoles\\\/brandt-manni-plex-mix\\\/#primaryimage\"},\"thumbnailUrl\":\"https:\\\/\\\/brandteurope.com\\\/wp-content\\\/uploads\\\/2022\\\/09\\\/Manni-Plex-Mix-1.png\",\"datePublished\":\"2022-09-06T12:17:00+00:00\",\"dateModified\":\"2025-11-10T09:18:40+00:00\",\"description\":\"Le compl\u00e9ment foliaire Manni-Plex Mix vise \u00e0 pr\u00e9venir et \u00e0 corriger les carences en zinc, mangan\u00e8se, cuivre et bore des cultures, ainsi qu'\u00e0 am\u00e9liorer la sant\u00e9 des plantes.\",\"breadcrumb\":{\"@id\":\"https:\\\/\\\/brandteurope.com\\\/fr\\\/produits-agricoles\\\/brandt-manni-plex-mix\\\/#breadcrumb\"},\"inLanguage\":\"fr-FR\",\"potentialAction\":[{\"@type\":\"ReadAction\",\"target\":[\"https:\\\/\\\/brandteurope.com\\\/fr\\\/produits-agricoles\\\/brandt-manni-plex-mix\\\/\"]}]},{\"@type\":\"ImageObject\",\"inLanguage\":\"fr-FR\",\"@id\":\"https:\\\/\\\/brandteurope.com\\\/fr\\\/produits-agricoles\\\/brandt-manni-plex-mix\\\/#primaryimage\",\"url\":\"https:\\\/\\\/brandteurope.com\\\/wp-content\\\/uploads\\\/2022\\\/09\\\/Manni-Plex-Mix-1.png\",\"contentUrl\":\"https:\\\/\\\/brandteurope.com\\\/wp-content\\\/uploads\\\/2022\\\/09\\\/Manni-Plex-Mix-1.png\",\"width\":900,\"height\":1264},{\"@type\":\"BreadcrumbList\",\"@id\":\"https:\\\/\\\/brandteurope.com\\\/fr\\\/produits-agricoles\\\/brandt-manni-plex-mix\\\/#breadcrumb\",\"itemListElement\":[{\"@type\":\"ListItem\",\"position\":1,\"name\":\"Premi\u00e8re page\",\"item\":\"https:\\\/\\\/brandteurope.com\\\/fr\\\/\"},{\"@type\":\"ListItem\",\"position\":2,\"name\":\"Produits pour l\u2019agriculture\",\"item\":\"https:\\\/\\\/brandteurope.com\\\/fr\\\/produits-agricoles\\\/\"},{\"@type\":\"ListItem\",\"position\":3,\"name\":\"BRANDT\u00ae Manni-Plex\u00ae Mix\"}]},{\"@type\":\"WebSite\",\"@id\":\"https:\\\/\\\/brandteurope.com\\\/fr\\\/#website\",\"url\":\"https:\\\/\\\/brandteurope.com\\\/fr\\\/\",\"name\":\"BRANDT Europe\",\"description\":\"Los fertilizantes, nutrientes y fitosanitarios m\u00e1s avanzados del mercado\",\"potentialAction\":[{\"@type\":\"SearchAction\",\"target\":{\"@type\":\"EntryPoint\",\"urlTemplate\":\"https:\\\/\\\/brandteurope.com\\\/fr\\\/?s={search_term_string}\"},\"query-input\":{\"@type\":\"PropertyValueSpecification\",\"valueRequired\":true,\"valueName\":\"search_term_string\"}}],\"inLanguage\":\"fr-FR\"}]}<\/script>\n<!-- \/ Yoast SEO plugin. -->","yoast_head_json":{"title":"Manni-Plex Mix | Le plus nutritif | BRANDT Europe","description":"Le compl\u00e9ment foliaire Manni-Plex Mix vise \u00e0 pr\u00e9venir et \u00e0 corriger les carences en zinc, mangan\u00e8se, cuivre et bore des cultures, ainsi qu'\u00e0 am\u00e9liorer la sant\u00e9 des plantes.","robots":{"index":"index","follow":"follow","max-snippet":"max-snippet:-1","max-image-preview":"max-image-preview:large","max-video-preview":"max-video-preview:-1"},"canonical":"https:\/\/brandteurope.com\/fr\/produits-agricoles\/brandt-manni-plex-mix\/","og_locale":"fr_FR","og_type":"article","og_title":"Manni-Plex Mix | Le plus nutritif | BRANDT Europe","og_description":"Le compl\u00e9ment foliaire Manni-Plex Mix vise \u00e0 pr\u00e9venir et \u00e0 corriger les carences en zinc, mangan\u00e8se, cuivre et bore des cultures, ainsi qu'\u00e0 am\u00e9liorer la sant\u00e9 des plantes.","og_url":"https:\/\/brandteurope.com\/fr\/produits-agricoles\/brandt-manni-plex-mix\/","og_site_name":"BRANDT Europe","article_modified_time":"2025-11-10T09:18:40+00:00","og_image":[{"width":900,"height":1264,"url":"https:\/\/brandteurope.com\/wp-content\/uploads\/2022\/09\/Manni-Plex-Mix-1.png","type":"image\/png"}],"twitter_card":"summary_large_image","twitter_misc":{"Dur\u00e9e de lecture estim\u00e9e":"1 minute"},"schema":{"@context":"https:\/\/schema.org","@graph":[{"@type":"WebPage","@id":"https:\/\/brandteurope.com\/fr\/produits-agricoles\/brandt-manni-plex-mix\/","url":"https:\/\/brandteurope.com\/fr\/produits-agricoles\/brandt-manni-plex-mix\/","name":"Manni-Plex Mix | Le plus nutritif | BRANDT Europe","isPartOf":{"@id":"https:\/\/brandteurope.com\/fr\/#website"},"primaryImageOfPage":{"@id":"https:\/\/brandteurope.com\/fr\/produits-agricoles\/brandt-manni-plex-mix\/#primaryimage"},"image":{"@id":"https:\/\/brandteurope.com\/fr\/produits-agricoles\/brandt-manni-plex-mix\/#primaryimage"},"thumbnailUrl":"https:\/\/brandteurope.com\/wp-content\/uploads\/2022\/09\/Manni-Plex-Mix-1.png","datePublished":"2022-09-06T12:17:00+00:00","dateModified":"2025-11-10T09:18:40+00:00","description":"Le compl\u00e9ment foliaire Manni-Plex Mix vise \u00e0 pr\u00e9venir et \u00e0 corriger les carences en zinc, mangan\u00e8se, cuivre et bore des cultures, ainsi qu'\u00e0 am\u00e9liorer la sant\u00e9 des plantes.","breadcrumb":{"@id":"https:\/\/brandteurope.com\/fr\/produits-agricoles\/brandt-manni-plex-mix\/#breadcrumb"},"inLanguage":"fr-FR","potentialAction":[{"@type":"ReadAction","target":["https:\/\/brandteurope.com\/fr\/produits-agricoles\/brandt-manni-plex-mix\/"]}]},{"@type":"ImageObject","inLanguage":"fr-FR","@id":"https:\/\/brandteurope.com\/fr\/produits-agricoles\/brandt-manni-plex-mix\/#primaryimage","url":"https:\/\/brandteurope.com\/wp-content\/uploads\/2022\/09\/Manni-Plex-Mix-1.png","contentUrl":"https:\/\/brandteurope.com\/wp-content\/uploads\/2022\/09\/Manni-Plex-Mix-1.png","width":900,"height":1264},{"@type":"BreadcrumbList","@id":"https:\/\/brandteurope.com\/fr\/produits-agricoles\/brandt-manni-plex-mix\/#breadcrumb","itemListElement":[{"@type":"ListItem","position":1,"name":"Premi\u00e8re page","item":"https:\/\/brandteurope.com\/fr\/"},{"@type":"ListItem","position":2,"name":"Produits pour l\u2019agriculture","item":"https:\/\/brandteurope.com\/fr\/produits-agricoles\/"},{"@type":"ListItem","position":3,"name":"BRANDT\u00ae Manni-Plex\u00ae Mix"}]},{"@type":"WebSite","@id":"https:\/\/brandteurope.com\/fr\/#website","url":"https:\/\/brandteurope.com\/fr\/","name":"BRANDT Europe","description":"Los fertilizantes, nutrientes y fitosanitarios m\u00e1s avanzados del mercado","potentialAction":[{"@type":"SearchAction","target":{"@type":"EntryPoint","urlTemplate":"https:\/\/brandteurope.com\/fr\/?s={search_term_string}"},"query-input":{"@type":"PropertyValueSpecification","valueRequired":true,"valueName":"search_term_string"}}],"inLanguage":"fr-FR"}]}},"_links":{"self":[{"href":"https:\/\/brandteurope.com\/fr\/wp-json\/wp\/v2\/product\/9647","targetHints":{"allow":["GET"]}}],"collection":[{"href":"https:\/\/brandteurope.com\/fr\/wp-json\/wp\/v2\/product"}],"about":[{"href":"https:\/\/brandteurope.com\/fr\/wp-json\/wp\/v2\/types\/product"}],"author":[{"embeddable":true,"href":"https:\/\/brandteurope.com\/fr\/wp-json\/wp\/v2\/users\/6"}],"version-history":[{"count":2,"href":"https:\/\/brandteurope.com\/fr\/wp-json\/wp\/v2\/product\/9647\/revisions"}],"predecessor-version":[{"id":10687,"href":"https:\/\/brandteurope.com\/fr\/wp-json\/wp\/v2\/product\/9647\/revisions\/10687"}],"wp:featuredmedia":[{"embeddable":true,"href":"https:\/\/brandteurope.com\/fr\/wp-json\/wp\/v2\/media\/10684"}],"wp:attachment":[{"href":"https:\/\/brandteurope.com\/fr\/wp-json\/wp\/v2\/media?parent=9647"}],"wp:term":[{"taxonomy":"product_cat","embeddable":true,"href":"https:\/\/brandteurope.com\/fr\/wp-json\/wp\/v2\/product_cat?post=9647"},{"taxonomy":"product_linea","embeddable":true,"href":"https:\/\/brandteurope.com\/fr\/wp-json\/wp\/v2\/product_linea?post=9647"},{"taxonomy":"product_cultivo","embeddable":true,"href":"https:\/\/brandteurope.com\/fr\/wp-json\/wp\/v2\/product_cultivo?post=9647"},{"taxonomy":"product_area","embeddable":true,"href":"https:\/\/brandteurope.com\/fr\/wp-json\/wp\/v2\/product_area?post=9647"},{"taxonomy":"product_tag","embeddable":true,"href":"https:\/\/brandteurope.com\/fr\/wp-json\/wp\/v2\/product_tag?post=9647"}],"curies":[{"name":"wp","href":"https:\/\/api.w.org\/{rel}","templated":true}]}}