{"id":9645,"date":"2022-09-06T14:37:00","date_gmt":"2022-09-06T12:37:00","guid":{"rendered":"https:\/\/brandteurope.com\/productos-agricultura\/brandt-manni-plex-multi-mix\/"},"modified":"2025-11-10T10:17:56","modified_gmt":"2025-11-10T09:17:56","slug":"brandt-manni-plex-multi-mix","status":"publish","type":"product","link":"https:\/\/brandteurope.com\/fr\/produits-agricoles\/brandt-manni-plex-multi-mix\/","title":{"rendered":"BRANDT\u00ae Manni-Plex\u00ae Multi Mix"},"content":{"rendered":"\n<p>BRANDT\u00ae Manni-Plex\u00ae Multi Mix est un <strong>compl\u00e9ment foliaire<\/strong> brevet\u00e9 qui procure du fer, du mangan\u00e8se et du zinc tr\u00e8s mobiles et disponibles aux points de croissance.<\/p>\n\n\n\n<p>L&rsquo;application de BRANDT\u00ae Manni-Plex\u00ae Multi Mix pendant la phase de croissance favorise une teneur ad\u00e9quate en fer, mangan\u00e8se et zinc. <em><\/em><\/p>\n","protected":false},"excerpt":{"rendered":"<p>BRANDT\u00ae Manni-Plex\u00ae Multi Mix est un compl\u00e9ment foliaire brevet\u00e9 qui procure du fer, du mangan\u00e8se et du zinc tr\u00e8s mobiles et disponibles aux points de croissance. <\/p>\n","protected":false},"author":6,"featured_media":8903,"template":"","meta":{"footnotes":""},"product_cat":[348],"product_linea":[997],"product_cultivo":[1015],"product_area":[],"product_tag":[],"class_list":["post-9645","product","type-product","status-publish","has-post-thumbnail","hentry","product_cat-technologie-manni-plex","product_linea-biostimulant-agricole","product_cultivo-coton-formation-borte-lateral"],"yoast_head":"<!-- This site is optimized with the Yoast SEO plugin v27.3 - https:\/\/yoast.com\/product\/yoast-seo-wordpress\/ -->\n<title>Manni-Plex Mn | Apport de mangan\u00e8se | BRANDT Europe<\/title>\n<meta name=\"description\" content=\"Le compl\u00e9ment foliaire Manni-Plex Multi Mix vise \u00e0 pr\u00e9venir et \u00e0 corriger les carences en fer, mangan\u00e8se et zinc des cultures, ainsi qu&#039;\u00e0 am\u00e9liorer la sant\u00e9 des plantes.\" \/>\n<meta name=\"robots\" content=\"index, follow, max-snippet:-1, max-image-preview:large, max-video-preview:-1\" \/>\n<link rel=\"canonical\" href=\"https:\/\/brandteurope.com\/fr\/produits-agricoles\/brandt-manni-plex-multi-mix\/\" \/>\n<meta property=\"og:locale\" content=\"fr_FR\" \/>\n<meta property=\"og:type\" content=\"article\" \/>\n<meta property=\"og:title\" content=\"Manni-Plex Mn | Apport de mangan\u00e8se | BRANDT Europe\" \/>\n<meta property=\"og:description\" content=\"Le compl\u00e9ment foliaire Manni-Plex Multi Mix vise \u00e0 pr\u00e9venir et \u00e0 corriger les carences en fer, mangan\u00e8se et zinc des cultures, ainsi qu&#039;\u00e0 am\u00e9liorer la sant\u00e9 des plantes.\" \/>\n<meta property=\"og:url\" content=\"https:\/\/brandteurope.com\/fr\/produits-agricoles\/brandt-manni-plex-multi-mix\/\" \/>\n<meta property=\"og:site_name\" content=\"BRANDT Europe\" \/>\n<meta property=\"article:modified_time\" content=\"2025-11-10T09:17:56+00:00\" \/>\n<meta property=\"og:image\" content=\"https:\/\/brandteurope.com\/wp-content\/uploads\/2022\/09\/BRANDT-Manni-Plex-Multi-Mix.png\" \/>\n\t<meta property=\"og:image:width\" content=\"729\" \/>\n\t<meta property=\"og:image:height\" content=\"1024\" \/>\n\t<meta property=\"og:image:type\" content=\"image\/png\" \/>\n<meta name=\"twitter:card\" content=\"summary_large_image\" \/>\n<meta name=\"twitter:label1\" content=\"Dur\u00e9e de lecture estim\u00e9e\" \/>\n\t<meta name=\"twitter:data1\" content=\"1 minute\" \/>\n<script type=\"application\/ld+json\" class=\"yoast-schema-graph\">{\"@context\":\"https:\\\/\\\/schema.org\",\"@graph\":[{\"@type\":\"WebPage\",\"@id\":\"https:\\\/\\\/brandteurope.com\\\/fr\\\/produits-agricoles\\\/brandt-manni-plex-multi-mix\\\/\",\"url\":\"https:\\\/\\\/brandteurope.com\\\/fr\\\/produits-agricoles\\\/brandt-manni-plex-multi-mix\\\/\",\"name\":\"Manni-Plex Mn | Apport de mangan\u00e8se | BRANDT Europe\",\"isPartOf\":{\"@id\":\"https:\\\/\\\/brandteurope.com\\\/fr\\\/#website\"},\"primaryImageOfPage\":{\"@id\":\"https:\\\/\\\/brandteurope.com\\\/fr\\\/produits-agricoles\\\/brandt-manni-plex-multi-mix\\\/#primaryimage\"},\"image\":{\"@id\":\"https:\\\/\\\/brandteurope.com\\\/fr\\\/produits-agricoles\\\/brandt-manni-plex-multi-mix\\\/#primaryimage\"},\"thumbnailUrl\":\"https:\\\/\\\/brandteurope.com\\\/wp-content\\\/uploads\\\/2022\\\/09\\\/BRANDT-Manni-Plex-Multi-Mix.png\",\"datePublished\":\"2022-09-06T12:37:00+00:00\",\"dateModified\":\"2025-11-10T09:17:56+00:00\",\"description\":\"Le compl\u00e9ment foliaire Manni-Plex Multi Mix vise \u00e0 pr\u00e9venir et \u00e0 corriger les carences en fer, mangan\u00e8se et zinc des cultures, ainsi qu'\u00e0 am\u00e9liorer la sant\u00e9 des plantes.\",\"breadcrumb\":{\"@id\":\"https:\\\/\\\/brandteurope.com\\\/fr\\\/produits-agricoles\\\/brandt-manni-plex-multi-mix\\\/#breadcrumb\"},\"inLanguage\":\"fr-FR\",\"potentialAction\":[{\"@type\":\"ReadAction\",\"target\":[\"https:\\\/\\\/brandteurope.com\\\/fr\\\/produits-agricoles\\\/brandt-manni-plex-multi-mix\\\/\"]}]},{\"@type\":\"ImageObject\",\"inLanguage\":\"fr-FR\",\"@id\":\"https:\\\/\\\/brandteurope.com\\\/fr\\\/produits-agricoles\\\/brandt-manni-plex-multi-mix\\\/#primaryimage\",\"url\":\"https:\\\/\\\/brandteurope.com\\\/wp-content\\\/uploads\\\/2022\\\/09\\\/BRANDT-Manni-Plex-Multi-Mix.png\",\"contentUrl\":\"https:\\\/\\\/brandteurope.com\\\/wp-content\\\/uploads\\\/2022\\\/09\\\/BRANDT-Manni-Plex-Multi-Mix.png\",\"width\":729,\"height\":1024,\"caption\":\"Suplemento foliar BRANDT Manni-Plex MultiMix\"},{\"@type\":\"BreadcrumbList\",\"@id\":\"https:\\\/\\\/brandteurope.com\\\/fr\\\/produits-agricoles\\\/brandt-manni-plex-multi-mix\\\/#breadcrumb\",\"itemListElement\":[{\"@type\":\"ListItem\",\"position\":1,\"name\":\"Premi\u00e8re page\",\"item\":\"https:\\\/\\\/brandteurope.com\\\/fr\\\/\"},{\"@type\":\"ListItem\",\"position\":2,\"name\":\"Produits pour l\u2019agriculture\",\"item\":\"https:\\\/\\\/brandteurope.com\\\/fr\\\/produits-agricoles\\\/\"},{\"@type\":\"ListItem\",\"position\":3,\"name\":\"BRANDT\u00ae Manni-Plex\u00ae Multi Mix\"}]},{\"@type\":\"WebSite\",\"@id\":\"https:\\\/\\\/brandteurope.com\\\/fr\\\/#website\",\"url\":\"https:\\\/\\\/brandteurope.com\\\/fr\\\/\",\"name\":\"BRANDT Europe\",\"description\":\"Los fertilizantes, nutrientes y fitosanitarios m\u00e1s avanzados del mercado\",\"potentialAction\":[{\"@type\":\"SearchAction\",\"target\":{\"@type\":\"EntryPoint\",\"urlTemplate\":\"https:\\\/\\\/brandteurope.com\\\/fr\\\/?s={search_term_string}\"},\"query-input\":{\"@type\":\"PropertyValueSpecification\",\"valueRequired\":true,\"valueName\":\"search_term_string\"}}],\"inLanguage\":\"fr-FR\"}]}<\/script>\n<!-- \/ Yoast SEO plugin. -->","yoast_head_json":{"title":"Manni-Plex Mn | Apport de mangan\u00e8se | BRANDT Europe","description":"Le compl\u00e9ment foliaire Manni-Plex Multi Mix vise \u00e0 pr\u00e9venir et \u00e0 corriger les carences en fer, mangan\u00e8se et zinc des cultures, ainsi qu'\u00e0 am\u00e9liorer la sant\u00e9 des plantes.","robots":{"index":"index","follow":"follow","max-snippet":"max-snippet:-1","max-image-preview":"max-image-preview:large","max-video-preview":"max-video-preview:-1"},"canonical":"https:\/\/brandteurope.com\/fr\/produits-agricoles\/brandt-manni-plex-multi-mix\/","og_locale":"fr_FR","og_type":"article","og_title":"Manni-Plex Mn | Apport de mangan\u00e8se | BRANDT Europe","og_description":"Le compl\u00e9ment foliaire Manni-Plex Multi Mix vise \u00e0 pr\u00e9venir et \u00e0 corriger les carences en fer, mangan\u00e8se et zinc des cultures, ainsi qu'\u00e0 am\u00e9liorer la sant\u00e9 des plantes.","og_url":"https:\/\/brandteurope.com\/fr\/produits-agricoles\/brandt-manni-plex-multi-mix\/","og_site_name":"BRANDT Europe","article_modified_time":"2025-11-10T09:17:56+00:00","og_image":[{"width":729,"height":1024,"url":"https:\/\/brandteurope.com\/wp-content\/uploads\/2022\/09\/BRANDT-Manni-Plex-Multi-Mix.png","type":"image\/png"}],"twitter_card":"summary_large_image","twitter_misc":{"Dur\u00e9e de lecture estim\u00e9e":"1 minute"},"schema":{"@context":"https:\/\/schema.org","@graph":[{"@type":"WebPage","@id":"https:\/\/brandteurope.com\/fr\/produits-agricoles\/brandt-manni-plex-multi-mix\/","url":"https:\/\/brandteurope.com\/fr\/produits-agricoles\/brandt-manni-plex-multi-mix\/","name":"Manni-Plex Mn | Apport de mangan\u00e8se | BRANDT Europe","isPartOf":{"@id":"https:\/\/brandteurope.com\/fr\/#website"},"primaryImageOfPage":{"@id":"https:\/\/brandteurope.com\/fr\/produits-agricoles\/brandt-manni-plex-multi-mix\/#primaryimage"},"image":{"@id":"https:\/\/brandteurope.com\/fr\/produits-agricoles\/brandt-manni-plex-multi-mix\/#primaryimage"},"thumbnailUrl":"https:\/\/brandteurope.com\/wp-content\/uploads\/2022\/09\/BRANDT-Manni-Plex-Multi-Mix.png","datePublished":"2022-09-06T12:37:00+00:00","dateModified":"2025-11-10T09:17:56+00:00","description":"Le compl\u00e9ment foliaire Manni-Plex Multi Mix vise \u00e0 pr\u00e9venir et \u00e0 corriger les carences en fer, mangan\u00e8se et zinc des cultures, ainsi qu'\u00e0 am\u00e9liorer la sant\u00e9 des plantes.","breadcrumb":{"@id":"https:\/\/brandteurope.com\/fr\/produits-agricoles\/brandt-manni-plex-multi-mix\/#breadcrumb"},"inLanguage":"fr-FR","potentialAction":[{"@type":"ReadAction","target":["https:\/\/brandteurope.com\/fr\/produits-agricoles\/brandt-manni-plex-multi-mix\/"]}]},{"@type":"ImageObject","inLanguage":"fr-FR","@id":"https:\/\/brandteurope.com\/fr\/produits-agricoles\/brandt-manni-plex-multi-mix\/#primaryimage","url":"https:\/\/brandteurope.com\/wp-content\/uploads\/2022\/09\/BRANDT-Manni-Plex-Multi-Mix.png","contentUrl":"https:\/\/brandteurope.com\/wp-content\/uploads\/2022\/09\/BRANDT-Manni-Plex-Multi-Mix.png","width":729,"height":1024,"caption":"Suplemento foliar BRANDT Manni-Plex MultiMix"},{"@type":"BreadcrumbList","@id":"https:\/\/brandteurope.com\/fr\/produits-agricoles\/brandt-manni-plex-multi-mix\/#breadcrumb","itemListElement":[{"@type":"ListItem","position":1,"name":"Premi\u00e8re page","item":"https:\/\/brandteurope.com\/fr\/"},{"@type":"ListItem","position":2,"name":"Produits pour l\u2019agriculture","item":"https:\/\/brandteurope.com\/fr\/produits-agricoles\/"},{"@type":"ListItem","position":3,"name":"BRANDT\u00ae Manni-Plex\u00ae Multi Mix"}]},{"@type":"WebSite","@id":"https:\/\/brandteurope.com\/fr\/#website","url":"https:\/\/brandteurope.com\/fr\/","name":"BRANDT Europe","description":"Los fertilizantes, nutrientes y fitosanitarios m\u00e1s avanzados del mercado","potentialAction":[{"@type":"SearchAction","target":{"@type":"EntryPoint","urlTemplate":"https:\/\/brandteurope.com\/fr\/?s={search_term_string}"},"query-input":{"@type":"PropertyValueSpecification","valueRequired":true,"valueName":"search_term_string"}}],"inLanguage":"fr-FR"}]}},"_links":{"self":[{"href":"https:\/\/brandteurope.com\/fr\/wp-json\/wp\/v2\/product\/9645","targetHints":{"allow":["GET"]}}],"collection":[{"href":"https:\/\/brandteurope.com\/fr\/wp-json\/wp\/v2\/product"}],"about":[{"href":"https:\/\/brandteurope.com\/fr\/wp-json\/wp\/v2\/types\/product"}],"author":[{"embeddable":true,"href":"https:\/\/brandteurope.com\/fr\/wp-json\/wp\/v2\/users\/6"}],"version-history":[{"count":2,"href":"https:\/\/brandteurope.com\/fr\/wp-json\/wp\/v2\/product\/9645\/revisions"}],"predecessor-version":[{"id":10681,"href":"https:\/\/brandteurope.com\/fr\/wp-json\/wp\/v2\/product\/9645\/revisions\/10681"}],"wp:featuredmedia":[{"embeddable":true,"href":"https:\/\/brandteurope.com\/fr\/wp-json\/wp\/v2\/media\/8903"}],"wp:attachment":[{"href":"https:\/\/brandteurope.com\/fr\/wp-json\/wp\/v2\/media?parent=9645"}],"wp:term":[{"taxonomy":"product_cat","embeddable":true,"href":"https:\/\/brandteurope.com\/fr\/wp-json\/wp\/v2\/product_cat?post=9645"},{"taxonomy":"product_linea","embeddable":true,"href":"https:\/\/brandteurope.com\/fr\/wp-json\/wp\/v2\/product_linea?post=9645"},{"taxonomy":"product_cultivo","embeddable":true,"href":"https:\/\/brandteurope.com\/fr\/wp-json\/wp\/v2\/product_cultivo?post=9645"},{"taxonomy":"product_area","embeddable":true,"href":"https:\/\/brandteurope.com\/fr\/wp-json\/wp\/v2\/product_area?post=9645"},{"taxonomy":"product_tag","embeddable":true,"href":"https:\/\/brandteurope.com\/fr\/wp-json\/wp\/v2\/product_tag?post=9645"}],"curies":[{"name":"wp","href":"https:\/\/api.w.org\/{rel}","templated":true}]}}