{"id":10631,"date":"2023-03-13T10:53:49","date_gmt":"2023-03-13T09:53:49","guid":{"rendered":"https:\/\/brandteurope.com\/agricultural-products\/brandt-manni-plex-n-boron\/"},"modified":"2025-11-10T09:57:46","modified_gmt":"2025-11-10T08:57:46","slug":"brandt-manni-plex-n-boron","status":"publish","type":"product","link":"https:\/\/brandteurope.com\/fr\/produits-agricoles\/brandt-manni-plex-n-boron\/","title":{"rendered":"BRANDT\u00ae Manni-Plex\u00ae N-Bore"},"content":{"rendered":"\n<p>BRANDT\u00ae Manni-Plex N-Bore est un <strong>suppl\u00e9ment foliaire brevet\u00e9 qui apporte du bore mobile<\/strong> et disponible aux points de croissance des plantes.<\/p>\n\n\n\n<p>BRANDT\u00ae Manni-Plex N-Bore est con\u00e7u pour une application dans toutes les cultures de plein champ, les fili\u00e8res, les l\u00e9gumes, les fruits, les arbres et la vigne, et les plantes ornementales pour la pr\u00e9vention et la correction de la carence en bore lorsqu&rsquo;il est utilis\u00e9 dans le cadre d&rsquo;un programme de fertilit\u00e9 \u00e9quilibr\u00e9.<\/p>\n","protected":false},"excerpt":{"rendered":"<p>BRANDT\u00ae Manni-Plex N-Boron est un compl\u00e9ment foliaire brevet\u00e9 qui fournit du bore tr\u00e8s mobile et disponible aux points de croissance de la plante. <\/p>\n","protected":false},"author":6,"featured_media":15062,"template":"","meta":{"footnotes":""},"product_cat":[348],"product_linea":[997],"product_cultivo":[],"product_area":[],"product_tag":[],"class_list":["post-10631","product","type-product","status-publish","has-post-thumbnail","hentry","product_cat-technologie-manni-plex","product_linea-biostimulant-agricole"],"yoast_head":"<!-- This site is optimized with the Yoast SEO plugin v27.3 - https:\/\/yoast.com\/product\/yoast-seo-wordpress\/ -->\n<title>Manni-Plex N-Boron | Renforcement nutritionnel | BRANDT Europe<\/title>\n<meta name=\"description\" content=\"Manni-Plex N-Boron est un compl\u00e9ment nutritionnel \u00e0 base de bore pour l&#039;application foliaire dans les cultures, qui fournit des nutriments tr\u00e8s mobiles.\" \/>\n<meta name=\"robots\" content=\"index, follow, max-snippet:-1, max-image-preview:large, max-video-preview:-1\" \/>\n<link rel=\"canonical\" href=\"https:\/\/brandteurope.com\/fr\/produits-agricoles\/brandt-manni-plex-n-boron\/\" \/>\n<meta property=\"og:locale\" content=\"fr_FR\" \/>\n<meta property=\"og:type\" content=\"article\" \/>\n<meta property=\"og:title\" content=\"Manni-Plex N-Boron | Renforcement nutritionnel | BRANDT Europe\" \/>\n<meta property=\"og:description\" content=\"Manni-Plex N-Boron est un compl\u00e9ment nutritionnel \u00e0 base de bore pour l&#039;application foliaire dans les cultures, qui fournit des nutriments tr\u00e8s mobiles.\" \/>\n<meta property=\"og:url\" content=\"https:\/\/brandteurope.com\/fr\/produits-agricoles\/brandt-manni-plex-n-boron\/\" \/>\n<meta property=\"og:site_name\" content=\"BRANDT Europe\" \/>\n<meta property=\"article:modified_time\" content=\"2025-11-10T08:57:46+00:00\" \/>\n<meta property=\"og:image\" content=\"https:\/\/brandteurope.com\/wp-content\/uploads\/2023\/03\/BRANDT-N-Boron-4L.png\" \/>\n\t<meta property=\"og:image:width\" content=\"1000\" \/>\n\t<meta property=\"og:image:height\" content=\"1404\" \/>\n\t<meta property=\"og:image:type\" content=\"image\/png\" \/>\n<meta name=\"twitter:card\" content=\"summary_large_image\" \/>\n<meta name=\"twitter:label1\" content=\"Dur\u00e9e de lecture estim\u00e9e\" \/>\n\t<meta name=\"twitter:data1\" content=\"1 minute\" \/>\n<script type=\"application\/ld+json\" class=\"yoast-schema-graph\">{\"@context\":\"https:\\\/\\\/schema.org\",\"@graph\":[{\"@type\":\"WebPage\",\"@id\":\"https:\\\/\\\/brandteurope.com\\\/fr\\\/produits-agricoles\\\/brandt-manni-plex-n-boron\\\/\",\"url\":\"https:\\\/\\\/brandteurope.com\\\/fr\\\/produits-agricoles\\\/brandt-manni-plex-n-boron\\\/\",\"name\":\"Manni-Plex N-Boron | Renforcement nutritionnel | BRANDT Europe\",\"isPartOf\":{\"@id\":\"https:\\\/\\\/brandteurope.com\\\/fr\\\/#website\"},\"primaryImageOfPage\":{\"@id\":\"https:\\\/\\\/brandteurope.com\\\/fr\\\/produits-agricoles\\\/brandt-manni-plex-n-boron\\\/#primaryimage\"},\"image\":{\"@id\":\"https:\\\/\\\/brandteurope.com\\\/fr\\\/produits-agricoles\\\/brandt-manni-plex-n-boron\\\/#primaryimage\"},\"thumbnailUrl\":\"https:\\\/\\\/brandteurope.com\\\/wp-content\\\/uploads\\\/2023\\\/03\\\/BRANDT-N-Boron-4L.png\",\"datePublished\":\"2023-03-13T09:53:49+00:00\",\"dateModified\":\"2025-11-10T08:57:46+00:00\",\"description\":\"Manni-Plex N-Boron est un compl\u00e9ment nutritionnel \u00e0 base de bore pour l'application foliaire dans les cultures, qui fournit des nutriments tr\u00e8s mobiles.\",\"breadcrumb\":{\"@id\":\"https:\\\/\\\/brandteurope.com\\\/fr\\\/produits-agricoles\\\/brandt-manni-plex-n-boron\\\/#breadcrumb\"},\"inLanguage\":\"fr-FR\",\"potentialAction\":[{\"@type\":\"ReadAction\",\"target\":[\"https:\\\/\\\/brandteurope.com\\\/fr\\\/produits-agricoles\\\/brandt-manni-plex-n-boron\\\/\"]}]},{\"@type\":\"ImageObject\",\"inLanguage\":\"fr-FR\",\"@id\":\"https:\\\/\\\/brandteurope.com\\\/fr\\\/produits-agricoles\\\/brandt-manni-plex-n-boron\\\/#primaryimage\",\"url\":\"https:\\\/\\\/brandteurope.com\\\/wp-content\\\/uploads\\\/2023\\\/03\\\/BRANDT-N-Boron-4L.png\",\"contentUrl\":\"https:\\\/\\\/brandteurope.com\\\/wp-content\\\/uploads\\\/2023\\\/03\\\/BRANDT-N-Boron-4L.png\",\"width\":1000,\"height\":1404,\"caption\":\"BRANDT Europe N Boron\"},{\"@type\":\"BreadcrumbList\",\"@id\":\"https:\\\/\\\/brandteurope.com\\\/fr\\\/produits-agricoles\\\/brandt-manni-plex-n-boron\\\/#breadcrumb\",\"itemListElement\":[{\"@type\":\"ListItem\",\"position\":1,\"name\":\"Premi\u00e8re page\",\"item\":\"https:\\\/\\\/brandteurope.com\\\/fr\\\/\"},{\"@type\":\"ListItem\",\"position\":2,\"name\":\"Produits pour l\u2019agriculture\",\"item\":\"https:\\\/\\\/brandteurope.com\\\/fr\\\/produits-agricoles\\\/\"},{\"@type\":\"ListItem\",\"position\":3,\"name\":\"BRANDT\u00ae Manni-Plex\u00ae N-Bore\"}]},{\"@type\":\"WebSite\",\"@id\":\"https:\\\/\\\/brandteurope.com\\\/fr\\\/#website\",\"url\":\"https:\\\/\\\/brandteurope.com\\\/fr\\\/\",\"name\":\"BRANDT Europe\",\"description\":\"Los fertilizantes, nutrientes y fitosanitarios m\u00e1s avanzados del mercado\",\"potentialAction\":[{\"@type\":\"SearchAction\",\"target\":{\"@type\":\"EntryPoint\",\"urlTemplate\":\"https:\\\/\\\/brandteurope.com\\\/fr\\\/?s={search_term_string}\"},\"query-input\":{\"@type\":\"PropertyValueSpecification\",\"valueRequired\":true,\"valueName\":\"search_term_string\"}}],\"inLanguage\":\"fr-FR\"}]}<\/script>\n<!-- \/ Yoast SEO plugin. -->","yoast_head_json":{"title":"Manni-Plex N-Boron | Renforcement nutritionnel | BRANDT Europe","description":"Manni-Plex N-Boron est un compl\u00e9ment nutritionnel \u00e0 base de bore pour l'application foliaire dans les cultures, qui fournit des nutriments tr\u00e8s mobiles.","robots":{"index":"index","follow":"follow","max-snippet":"max-snippet:-1","max-image-preview":"max-image-preview:large","max-video-preview":"max-video-preview:-1"},"canonical":"https:\/\/brandteurope.com\/fr\/produits-agricoles\/brandt-manni-plex-n-boron\/","og_locale":"fr_FR","og_type":"article","og_title":"Manni-Plex N-Boron | Renforcement nutritionnel | BRANDT Europe","og_description":"Manni-Plex N-Boron est un compl\u00e9ment nutritionnel \u00e0 base de bore pour l'application foliaire dans les cultures, qui fournit des nutriments tr\u00e8s mobiles.","og_url":"https:\/\/brandteurope.com\/fr\/produits-agricoles\/brandt-manni-plex-n-boron\/","og_site_name":"BRANDT Europe","article_modified_time":"2025-11-10T08:57:46+00:00","og_image":[{"width":1000,"height":1404,"url":"https:\/\/brandteurope.com\/wp-content\/uploads\/2023\/03\/BRANDT-N-Boron-4L.png","type":"image\/png"}],"twitter_card":"summary_large_image","twitter_misc":{"Dur\u00e9e de lecture estim\u00e9e":"1 minute"},"schema":{"@context":"https:\/\/schema.org","@graph":[{"@type":"WebPage","@id":"https:\/\/brandteurope.com\/fr\/produits-agricoles\/brandt-manni-plex-n-boron\/","url":"https:\/\/brandteurope.com\/fr\/produits-agricoles\/brandt-manni-plex-n-boron\/","name":"Manni-Plex N-Boron | Renforcement nutritionnel | BRANDT Europe","isPartOf":{"@id":"https:\/\/brandteurope.com\/fr\/#website"},"primaryImageOfPage":{"@id":"https:\/\/brandteurope.com\/fr\/produits-agricoles\/brandt-manni-plex-n-boron\/#primaryimage"},"image":{"@id":"https:\/\/brandteurope.com\/fr\/produits-agricoles\/brandt-manni-plex-n-boron\/#primaryimage"},"thumbnailUrl":"https:\/\/brandteurope.com\/wp-content\/uploads\/2023\/03\/BRANDT-N-Boron-4L.png","datePublished":"2023-03-13T09:53:49+00:00","dateModified":"2025-11-10T08:57:46+00:00","description":"Manni-Plex N-Boron est un compl\u00e9ment nutritionnel \u00e0 base de bore pour l'application foliaire dans les cultures, qui fournit des nutriments tr\u00e8s mobiles.","breadcrumb":{"@id":"https:\/\/brandteurope.com\/fr\/produits-agricoles\/brandt-manni-plex-n-boron\/#breadcrumb"},"inLanguage":"fr-FR","potentialAction":[{"@type":"ReadAction","target":["https:\/\/brandteurope.com\/fr\/produits-agricoles\/brandt-manni-plex-n-boron\/"]}]},{"@type":"ImageObject","inLanguage":"fr-FR","@id":"https:\/\/brandteurope.com\/fr\/produits-agricoles\/brandt-manni-plex-n-boron\/#primaryimage","url":"https:\/\/brandteurope.com\/wp-content\/uploads\/2023\/03\/BRANDT-N-Boron-4L.png","contentUrl":"https:\/\/brandteurope.com\/wp-content\/uploads\/2023\/03\/BRANDT-N-Boron-4L.png","width":1000,"height":1404,"caption":"BRANDT Europe N Boron"},{"@type":"BreadcrumbList","@id":"https:\/\/brandteurope.com\/fr\/produits-agricoles\/brandt-manni-plex-n-boron\/#breadcrumb","itemListElement":[{"@type":"ListItem","position":1,"name":"Premi\u00e8re page","item":"https:\/\/brandteurope.com\/fr\/"},{"@type":"ListItem","position":2,"name":"Produits pour l\u2019agriculture","item":"https:\/\/brandteurope.com\/fr\/produits-agricoles\/"},{"@type":"ListItem","position":3,"name":"BRANDT\u00ae Manni-Plex\u00ae N-Bore"}]},{"@type":"WebSite","@id":"https:\/\/brandteurope.com\/fr\/#website","url":"https:\/\/brandteurope.com\/fr\/","name":"BRANDT Europe","description":"Los fertilizantes, nutrientes y fitosanitarios m\u00e1s avanzados del mercado","potentialAction":[{"@type":"SearchAction","target":{"@type":"EntryPoint","urlTemplate":"https:\/\/brandteurope.com\/fr\/?s={search_term_string}"},"query-input":{"@type":"PropertyValueSpecification","valueRequired":true,"valueName":"search_term_string"}}],"inLanguage":"fr-FR"}]}},"_links":{"self":[{"href":"https:\/\/brandteurope.com\/fr\/wp-json\/wp\/v2\/product\/10631","targetHints":{"allow":["GET"]}}],"collection":[{"href":"https:\/\/brandteurope.com\/fr\/wp-json\/wp\/v2\/product"}],"about":[{"href":"https:\/\/brandteurope.com\/fr\/wp-json\/wp\/v2\/types\/product"}],"author":[{"embeddable":true,"href":"https:\/\/brandteurope.com\/fr\/wp-json\/wp\/v2\/users\/6"}],"version-history":[{"count":2,"href":"https:\/\/brandteurope.com\/fr\/wp-json\/wp\/v2\/product\/10631\/revisions"}],"predecessor-version":[{"id":10654,"href":"https:\/\/brandteurope.com\/fr\/wp-json\/wp\/v2\/product\/10631\/revisions\/10654"}],"wp:featuredmedia":[{"embeddable":true,"href":"https:\/\/brandteurope.com\/fr\/wp-json\/wp\/v2\/media\/15062"}],"wp:attachment":[{"href":"https:\/\/brandteurope.com\/fr\/wp-json\/wp\/v2\/media?parent=10631"}],"wp:term":[{"taxonomy":"product_cat","embeddable":true,"href":"https:\/\/brandteurope.com\/fr\/wp-json\/wp\/v2\/product_cat?post=10631"},{"taxonomy":"product_linea","embeddable":true,"href":"https:\/\/brandteurope.com\/fr\/wp-json\/wp\/v2\/product_linea?post=10631"},{"taxonomy":"product_cultivo","embeddable":true,"href":"https:\/\/brandteurope.com\/fr\/wp-json\/wp\/v2\/product_cultivo?post=10631"},{"taxonomy":"product_area","embeddable":true,"href":"https:\/\/brandteurope.com\/fr\/wp-json\/wp\/v2\/product_area?post=10631"},{"taxonomy":"product_tag","embeddable":true,"href":"https:\/\/brandteurope.com\/fr\/wp-json\/wp\/v2\/product_tag?post=10631"}],"curies":[{"name":"wp","href":"https:\/\/api.w.org\/{rel}","templated":true}]}}