{"id":10463,"date":"2018-03-05T13:10:19","date_gmt":"2018-03-05T12:10:19","guid":{"rendered":"https:\/\/brandteurope.com\/agricultural-products\/brandt-manni-plex-mg\/"},"modified":"2025-11-10T12:20:16","modified_gmt":"2025-11-10T11:20:16","slug":"brandt-manni-plex-mg","status":"publish","type":"product","link":"https:\/\/brandteurope.com\/fr\/produits-agricoles\/brandt-manni-plex-mg\/","title":{"rendered":"BRANDT<sup>\u00ae<\/sup> Manni-Plex<sup>\u00ae<\/sup> Mg"},"content":{"rendered":"\n<p>BRANDT\u00ae Manni-Plex\u00ae Mg est un <strong>compl\u00e9ment foliaire brevet\u00e9 qui fournit du magn\u00e9sium tr\u00e8s mobile et disponible aux points de croissance de la plante<\/strong>.&nbsp;<\/p>\n\n\n\n<p>C\u2019est un excellent outil pour pr\u00e9venir et corriger les carences en mangan\u00e8se et am\u00e9liorer la sant\u00e9 globale des plantes.&nbsp;Le magn\u00e9sium est essentiel pour la production de chlorophylle et la formation de sucres et de graisses.&nbsp;Il aide \u00e9galement \u00e0 activer enzymes v\u00e9g\u00e9taux pour favoriser une nouvelle croissance.&nbsp;<\/p>\n\n\n\n<p>&nbsp;L&rsquo;application de Manni-Plex\u00ae\u202fMg pendant la saison de croissance aide \u00e0 assurer des niveaux ad\u00e9quates de magn\u00e9sium.&nbsp;<\/p>\n","protected":false},"excerpt":{"rendered":"<p>BRANDT\u00ae Manni-Plex\u00ae Mg est un compl\u00e9ment foliaire brevet\u00e9 qui fournit du magn\u00e9sium tr\u00e8s mobile et disponible aux points de croissance de la plante. <\/p>\n","protected":false},"author":3,"featured_media":7348,"template":"","meta":{"footnotes":""},"product_cat":[348],"product_linea":[997],"product_cultivo":[967,909,963,970,918,968,969,971],"product_area":[],"product_tag":[],"class_list":["post-10463","product","type-product","status-publish","has-post-thumbnail","hentry","product_cat-technologie-manni-plex","product_linea-biostimulant-agricole","product_cultivo-bourgeonnement-vigne","product_cultivo-developpement-vegetatif-artichaut","product_cultivo-debut-pomme-terre","product_cultivo-floraison-vigne","product_cultivo-formation-brocoli","product_cultivo-nouaison-vigne","product_cultivo-veraison-vigne","product_cultivo-maturation-vigne"],"yoast_head":"<!-- This site is optimized with the Yoast SEO plugin v27.3 - https:\/\/yoast.com\/product\/yoast-seo-wordpress\/ -->\n<title>Manni-Plex Mg | Apport en magn\u00e9sium | BRANDT Europe<\/title>\n<meta name=\"description\" content=\"Suppl\u00e9ment foliaire Manni-Plex Mg pour pr\u00e9venir et corriger les carences en magn\u00e9sium dans les cultures et pour am\u00e9liorer la sant\u00e9 des plantes.\" \/>\n<meta name=\"robots\" content=\"index, follow, max-snippet:-1, max-image-preview:large, max-video-preview:-1\" \/>\n<link rel=\"canonical\" href=\"https:\/\/brandteurope.com\/fr\/produits-agricoles\/brandt-manni-plex-mg\/\" \/>\n<meta property=\"og:locale\" content=\"fr_FR\" \/>\n<meta property=\"og:type\" content=\"article\" \/>\n<meta property=\"og:title\" content=\"Manni-Plex Mg | Apport en magn\u00e9sium | BRANDT Europe\" \/>\n<meta property=\"og:description\" content=\"Suppl\u00e9ment foliaire Manni-Plex Mg pour pr\u00e9venir et corriger les carences en magn\u00e9sium dans les cultures et pour am\u00e9liorer la sant\u00e9 des plantes.\" \/>\n<meta property=\"og:url\" content=\"https:\/\/brandteurope.com\/fr\/produits-agricoles\/brandt-manni-plex-mg\/\" \/>\n<meta property=\"og:site_name\" content=\"BRANDT Europe\" \/>\n<meta property=\"article:modified_time\" content=\"2025-11-10T11:20:16+00:00\" \/>\n<meta property=\"og:image\" content=\"https:\/\/brandteurope.com\/wp-content\/uploads\/2018\/03\/Manni-Plex-Mg.png\" \/>\n\t<meta property=\"og:image:width\" content=\"900\" \/>\n\t<meta property=\"og:image:height\" content=\"1264\" \/>\n\t<meta property=\"og:image:type\" content=\"image\/png\" \/>\n<meta name=\"twitter:card\" content=\"summary_large_image\" \/>\n<meta name=\"twitter:label1\" content=\"Dur\u00e9e de lecture estim\u00e9e\" \/>\n\t<meta name=\"twitter:data1\" content=\"1 minute\" \/>\n<script type=\"application\/ld+json\" class=\"yoast-schema-graph\">{\"@context\":\"https:\\\/\\\/schema.org\",\"@graph\":[{\"@type\":\"WebPage\",\"@id\":\"https:\\\/\\\/brandteurope.com\\\/fr\\\/produits-agricoles\\\/brandt-manni-plex-mg\\\/\",\"url\":\"https:\\\/\\\/brandteurope.com\\\/fr\\\/produits-agricoles\\\/brandt-manni-plex-mg\\\/\",\"name\":\"Manni-Plex Mg | Apport en magn\u00e9sium | BRANDT Europe\",\"isPartOf\":{\"@id\":\"https:\\\/\\\/brandteurope.com\\\/fr\\\/#website\"},\"primaryImageOfPage\":{\"@id\":\"https:\\\/\\\/brandteurope.com\\\/fr\\\/produits-agricoles\\\/brandt-manni-plex-mg\\\/#primaryimage\"},\"image\":{\"@id\":\"https:\\\/\\\/brandteurope.com\\\/fr\\\/produits-agricoles\\\/brandt-manni-plex-mg\\\/#primaryimage\"},\"thumbnailUrl\":\"https:\\\/\\\/brandteurope.com\\\/wp-content\\\/uploads\\\/2018\\\/03\\\/Manni-Plex-Mg.png\",\"datePublished\":\"2018-03-05T12:10:19+00:00\",\"dateModified\":\"2025-11-10T11:20:16+00:00\",\"description\":\"Suppl\u00e9ment foliaire Manni-Plex Mg pour pr\u00e9venir et corriger les carences en magn\u00e9sium dans les cultures et pour am\u00e9liorer la sant\u00e9 des plantes.\",\"breadcrumb\":{\"@id\":\"https:\\\/\\\/brandteurope.com\\\/fr\\\/produits-agricoles\\\/brandt-manni-plex-mg\\\/#breadcrumb\"},\"inLanguage\":\"fr-FR\",\"potentialAction\":[{\"@type\":\"ReadAction\",\"target\":[\"https:\\\/\\\/brandteurope.com\\\/fr\\\/produits-agricoles\\\/brandt-manni-plex-mg\\\/\"]}]},{\"@type\":\"ImageObject\",\"inLanguage\":\"fr-FR\",\"@id\":\"https:\\\/\\\/brandteurope.com\\\/fr\\\/produits-agricoles\\\/brandt-manni-plex-mg\\\/#primaryimage\",\"url\":\"https:\\\/\\\/brandteurope.com\\\/wp-content\\\/uploads\\\/2018\\\/03\\\/Manni-Plex-Mg.png\",\"contentUrl\":\"https:\\\/\\\/brandteurope.com\\\/wp-content\\\/uploads\\\/2018\\\/03\\\/Manni-Plex-Mg.png\",\"width\":900,\"height\":1264,\"caption\":\"suplemento foliar de magnesio manni-plex mg\"},{\"@type\":\"BreadcrumbList\",\"@id\":\"https:\\\/\\\/brandteurope.com\\\/fr\\\/produits-agricoles\\\/brandt-manni-plex-mg\\\/#breadcrumb\",\"itemListElement\":[{\"@type\":\"ListItem\",\"position\":1,\"name\":\"Premi\u00e8re page\",\"item\":\"https:\\\/\\\/brandteurope.com\\\/fr\\\/\"},{\"@type\":\"ListItem\",\"position\":2,\"name\":\"Produits pour l\u2019agriculture\",\"item\":\"https:\\\/\\\/brandteurope.com\\\/fr\\\/produits-agricoles\\\/\"},{\"@type\":\"ListItem\",\"position\":3,\"name\":\"BRANDT\u00ae Manni-Plex\u00ae Mg\"}]},{\"@type\":\"WebSite\",\"@id\":\"https:\\\/\\\/brandteurope.com\\\/fr\\\/#website\",\"url\":\"https:\\\/\\\/brandteurope.com\\\/fr\\\/\",\"name\":\"BRANDT Europe\",\"description\":\"Los fertilizantes, nutrientes y fitosanitarios m\u00e1s avanzados del mercado\",\"potentialAction\":[{\"@type\":\"SearchAction\",\"target\":{\"@type\":\"EntryPoint\",\"urlTemplate\":\"https:\\\/\\\/brandteurope.com\\\/fr\\\/?s={search_term_string}\"},\"query-input\":{\"@type\":\"PropertyValueSpecification\",\"valueRequired\":true,\"valueName\":\"search_term_string\"}}],\"inLanguage\":\"fr-FR\"}]}<\/script>\n<!-- \/ Yoast SEO plugin. -->","yoast_head_json":{"title":"Manni-Plex Mg | Apport en magn\u00e9sium | BRANDT Europe","description":"Suppl\u00e9ment foliaire Manni-Plex Mg pour pr\u00e9venir et corriger les carences en magn\u00e9sium dans les cultures et pour am\u00e9liorer la sant\u00e9 des plantes.","robots":{"index":"index","follow":"follow","max-snippet":"max-snippet:-1","max-image-preview":"max-image-preview:large","max-video-preview":"max-video-preview:-1"},"canonical":"https:\/\/brandteurope.com\/fr\/produits-agricoles\/brandt-manni-plex-mg\/","og_locale":"fr_FR","og_type":"article","og_title":"Manni-Plex Mg | Apport en magn\u00e9sium | BRANDT Europe","og_description":"Suppl\u00e9ment foliaire Manni-Plex Mg pour pr\u00e9venir et corriger les carences en magn\u00e9sium dans les cultures et pour am\u00e9liorer la sant\u00e9 des plantes.","og_url":"https:\/\/brandteurope.com\/fr\/produits-agricoles\/brandt-manni-plex-mg\/","og_site_name":"BRANDT Europe","article_modified_time":"2025-11-10T11:20:16+00:00","og_image":[{"width":900,"height":1264,"url":"https:\/\/brandteurope.com\/wp-content\/uploads\/2018\/03\/Manni-Plex-Mg.png","type":"image\/png"}],"twitter_card":"summary_large_image","twitter_misc":{"Dur\u00e9e de lecture estim\u00e9e":"1 minute"},"schema":{"@context":"https:\/\/schema.org","@graph":[{"@type":"WebPage","@id":"https:\/\/brandteurope.com\/fr\/produits-agricoles\/brandt-manni-plex-mg\/","url":"https:\/\/brandteurope.com\/fr\/produits-agricoles\/brandt-manni-plex-mg\/","name":"Manni-Plex Mg | Apport en magn\u00e9sium | BRANDT Europe","isPartOf":{"@id":"https:\/\/brandteurope.com\/fr\/#website"},"primaryImageOfPage":{"@id":"https:\/\/brandteurope.com\/fr\/produits-agricoles\/brandt-manni-plex-mg\/#primaryimage"},"image":{"@id":"https:\/\/brandteurope.com\/fr\/produits-agricoles\/brandt-manni-plex-mg\/#primaryimage"},"thumbnailUrl":"https:\/\/brandteurope.com\/wp-content\/uploads\/2018\/03\/Manni-Plex-Mg.png","datePublished":"2018-03-05T12:10:19+00:00","dateModified":"2025-11-10T11:20:16+00:00","description":"Suppl\u00e9ment foliaire Manni-Plex Mg pour pr\u00e9venir et corriger les carences en magn\u00e9sium dans les cultures et pour am\u00e9liorer la sant\u00e9 des plantes.","breadcrumb":{"@id":"https:\/\/brandteurope.com\/fr\/produits-agricoles\/brandt-manni-plex-mg\/#breadcrumb"},"inLanguage":"fr-FR","potentialAction":[{"@type":"ReadAction","target":["https:\/\/brandteurope.com\/fr\/produits-agricoles\/brandt-manni-plex-mg\/"]}]},{"@type":"ImageObject","inLanguage":"fr-FR","@id":"https:\/\/brandteurope.com\/fr\/produits-agricoles\/brandt-manni-plex-mg\/#primaryimage","url":"https:\/\/brandteurope.com\/wp-content\/uploads\/2018\/03\/Manni-Plex-Mg.png","contentUrl":"https:\/\/brandteurope.com\/wp-content\/uploads\/2018\/03\/Manni-Plex-Mg.png","width":900,"height":1264,"caption":"suplemento foliar de magnesio manni-plex mg"},{"@type":"BreadcrumbList","@id":"https:\/\/brandteurope.com\/fr\/produits-agricoles\/brandt-manni-plex-mg\/#breadcrumb","itemListElement":[{"@type":"ListItem","position":1,"name":"Premi\u00e8re page","item":"https:\/\/brandteurope.com\/fr\/"},{"@type":"ListItem","position":2,"name":"Produits pour l\u2019agriculture","item":"https:\/\/brandteurope.com\/fr\/produits-agricoles\/"},{"@type":"ListItem","position":3,"name":"BRANDT\u00ae Manni-Plex\u00ae Mg"}]},{"@type":"WebSite","@id":"https:\/\/brandteurope.com\/fr\/#website","url":"https:\/\/brandteurope.com\/fr\/","name":"BRANDT Europe","description":"Los fertilizantes, nutrientes y fitosanitarios m\u00e1s avanzados del mercado","potentialAction":[{"@type":"SearchAction","target":{"@type":"EntryPoint","urlTemplate":"https:\/\/brandteurope.com\/fr\/?s={search_term_string}"},"query-input":{"@type":"PropertyValueSpecification","valueRequired":true,"valueName":"search_term_string"}}],"inLanguage":"fr-FR"}]}},"_links":{"self":[{"href":"https:\/\/brandteurope.com\/fr\/wp-json\/wp\/v2\/product\/10463","targetHints":{"allow":["GET"]}}],"collection":[{"href":"https:\/\/brandteurope.com\/fr\/wp-json\/wp\/v2\/product"}],"about":[{"href":"https:\/\/brandteurope.com\/fr\/wp-json\/wp\/v2\/types\/product"}],"author":[{"embeddable":true,"href":"https:\/\/brandteurope.com\/fr\/wp-json\/wp\/v2\/users\/3"}],"version-history":[{"count":3,"href":"https:\/\/brandteurope.com\/fr\/wp-json\/wp\/v2\/product\/10463\/revisions"}],"predecessor-version":[{"id":10861,"href":"https:\/\/brandteurope.com\/fr\/wp-json\/wp\/v2\/product\/10463\/revisions\/10861"}],"wp:featuredmedia":[{"embeddable":true,"href":"https:\/\/brandteurope.com\/fr\/wp-json\/wp\/v2\/media\/7348"}],"wp:attachment":[{"href":"https:\/\/brandteurope.com\/fr\/wp-json\/wp\/v2\/media?parent=10463"}],"wp:term":[{"taxonomy":"product_cat","embeddable":true,"href":"https:\/\/brandteurope.com\/fr\/wp-json\/wp\/v2\/product_cat?post=10463"},{"taxonomy":"product_linea","embeddable":true,"href":"https:\/\/brandteurope.com\/fr\/wp-json\/wp\/v2\/product_linea?post=10463"},{"taxonomy":"product_cultivo","embeddable":true,"href":"https:\/\/brandteurope.com\/fr\/wp-json\/wp\/v2\/product_cultivo?post=10463"},{"taxonomy":"product_area","embeddable":true,"href":"https:\/\/brandteurope.com\/fr\/wp-json\/wp\/v2\/product_area?post=10463"},{"taxonomy":"product_tag","embeddable":true,"href":"https:\/\/brandteurope.com\/fr\/wp-json\/wp\/v2\/product_tag?post=10463"}],"curies":[{"name":"wp","href":"https:\/\/api.w.org\/{rel}","templated":true}]}}